{"id":67,"date":"2025-04-05T14:05:04","date_gmt":"2025-04-05T14:05:04","guid":{"rendered":"https:\/\/sectoroffroad.com\/?page_id=67"},"modified":"2025-08-18T09:06:44","modified_gmt":"2025-08-18T09:06:44","slug":"kontakt","status":"publish","type":"page","link":"https:\/\/sectoroffroad.com\/en\/kontakt\/","title":{"rendered":"CONTACT"},"content":{"rendered":"\n<section class=\"wp-block-greenshift-blocks-row alignfull gspb_row gspb_row-id-gsbp-ca89904\" id=\"gspb_row-id-gsbp-ca89904\"><div class=\"gspb_row__content\"> \n<div class=\"wp-block-greenshift-blocks-row-column gspb_row__col--12 gspb_col-id-gsbp-ca7f28a\" id=\"gspb_col-id-gsbp-ca7f28a\">\n<h2 id=\"gspb_heading-id-gsbp-506f7da\" class=\"gspb_heading gspb_heading-id-gsbp-506f7da \">Budimo u kontaktu<\/h2>\n\n\n\n<div class=\"wp-block-greenshift-blocks-row gspb_row gspb_row-id-gsbp-84ea64b gspb_row--gutter-20\" id=\"gspb_row-id-gsbp-84ea64b\"><div class=\"gspb_row__content\"> \n<div class=\"wp-block-greenshift-blocks-row-column gspb_row__col--8 gspb_col-id-gsbp-45f4c65\" id=\"gspb_col-id-gsbp-45f4c65\">\n<div id=\"gspb_text-id-gsbp-f8f9c62\" class=\"gspb_text gspb_text-id-gsbp-f8f9c62 \">Dobar razgovor je po\u010detak svake uspe\u0161ne pri\u010de \u2013 hajde da zapo\u010dnemo na\u0161u!<\/div>\n\n\n<div class='fluentform ff-inherit-theme-style fluentform_wrapper_4  ff_guten_block ff_guten_block-4'><form data-form_id=\"4\" id=\"fluentform_4\" class=\"frm-fluent-form fluent_form_4 ff-el-form-top ff_form_instance_4_1 ff-form-loading ffs_inherit_theme\" data-form_instance=\"ff_form_instance_4_1\" method=\"POST\" ><fieldset  style=\"border: none!important;margin: 0!important;padding: 0!important;background-color: transparent!important;box-shadow: none!important;outline: none!important; min-inline-size: 100%;\">\n                    <legend class=\"ff_screen_reader_title\" style=\"display: block; margin: 0!important;padding: 0!important;height: 0!important;text-indent: -999999px;width: 0!important;overflow:hidden;\">Kontakt<\/legend><input type='hidden' name='__fluent_form_embded_post_id' value='67' \/><input type=\"hidden\" id=\"_fluentform_4_fluentformnonce\" name=\"_fluentform_4_fluentformnonce\" value=\"30270e58a8\" \/><input type=\"hidden\" name=\"_wp_http_referer\" value=\"\/en\/wp-json\/wp\/v2\/pages\/67\" \/><div data-type=\"name-element\" data-name=\"names\" class=\" ff-field_container ff-name-field-wrapper\" ><div class='ff-t-container'><div class='ff-t-cell '><div class='ff-el-group  ff-el-form-top'><div class=\"ff-el-input--label ff-el-is-required asterisk-right\"><label for='ff_4_names_first_name_' id='label_ff_4_names_first_name_' >Ime<\/label><\/div><div class='ff-el-input--content'><input type=\"text\" name=\"names[first_name]\" id=\"ff_4_names_first_name_\" class=\"ff-el-form-control\" aria-invalid=\"false\" aria-required=true><\/div><\/div><\/div><div class='ff-t-cell '><div class='ff-el-group  ff-el-form-top'><div class=\"ff-el-input--label ff-el-is-required asterisk-right\"><label for='ff_4_names_last_name_' id='label_ff_4_names_last_name_' >Prezime<\/label><\/div><div class='ff-el-input--content'><input type=\"text\" name=\"names[last_name]\" id=\"ff_4_names_last_name_\" class=\"ff-el-form-control\" aria-invalid=\"false\" aria-required=true><\/div><\/div><\/div><\/div><\/div><div class='ff-el-group ff-el-form-top'><div class=\"ff-el-input--label ff-el-is-required asterisk-right\"><label for='ff_4_email' id='label_ff_4_email' aria-label=\"Email\">Email<\/label><\/div><div class='ff-el-input--content'><input type=\"email\" name=\"email\" id=\"ff_4_email\" class=\"ff-el-form-control\" data-name=\"email\"  aria-invalid=\"false\" aria-required=true><\/div><\/div><div class='ff-el-group ff-el-form-top'><div class=\"ff-el-input--label asterisk-right\"><label for='ff_4_subject' id='label_ff_4_subject' aria-label=\"Naslov poruke\">Naslov poruke<\/label><\/div><div class='ff-el-input--content'><input type=\"text\" name=\"subject\" class=\"ff-el-form-control\" data-name=\"subject\" id=\"ff_4_subject\"  aria-invalid=\"false\" aria-required=false><\/div><\/div><div class='ff-el-group ff-el-form-top'><div class=\"ff-el-input--label ff-el-is-required asterisk-right\"><label for='ff_4_message' id='label_ff_4_message' aria-label=\"Va\u0161a poruka\">Va\u0161a poruka<\/label><\/div><div class='ff-el-input--content'><textarea aria-required=\"true\" aria-labelledby=\"label_ff_4_message\" name=\"message\" id=\"ff_4_message\" class=\"ff-el-form-control\" rows=\"4\" cols=\"2\" data-name=\"message\" ><\/textarea><\/div><\/div><div class='ff-el-group ff-text-left ff_submit_btn_wrapper ff_submit_btn_wrapper_custom'><button class=\"ff-btn ff-btn-submit ff-btn-md ff_btn_style wpf_has_custom_css\" type=\"submit\" name=\"custom_submit_button-4_1\" data-name=\"custom_submit_button-4_1\"  aria-label=\"Po\u0161alji poruku\">Po\u0161alji poruku<\/button><style>form.fluent_form_4 .wpf_has_custom_css.ff-btn-submit { background-color:rgba(255, 60, 0, 1);border-color:rgba(255, 60, 0, 1);color:#ffffff;border-radius:0px;min-width:100%; }form.fluent_form_4 .wpf_has_custom_css.ff-btn-submit:hover { background-color:rgba(204, 50, 0, 1);border-color:rgba(204, 50, 0, 1);color:rgba(255, 255, 255, 1);min-width:100%; } <\/style><\/div><\/fieldset><\/form><div id='fluentform_4_errors' class='ff-errors-in-stack ff_form_instance_4_1 ff-form-loading_errors ff_form_instance_4_1_errors'><\/div><\/div>            <script type=\"text\/javascript\">\n                window.fluent_form_ff_form_instance_4_1 = {\"id\":\"4\",\"ajaxUrl\":\"https:\\\/\\\/sectoroffroad.com\\\/wp-admin\\\/admin-ajax.php\",\"settings\":{\"layout\":{\"labelPlacement\":\"top\",\"asteriskPlacement\":\"asterisk-right\",\"helpMessagePlacement\":\"with_label\",\"errorMessagePlacement\":\"inline\",\"cssClassName\":\"\"},\"restrictions\":{\"denyEmptySubmission\":{\"enabled\":false}}},\"form_instance\":\"ff_form_instance_4_1\",\"form_id_selector\":\"fluentform_4\",\"rules\":{\"names[first_name]\":{\"required\":{\"value\":true,\"message\":\"This field is required\",\"global\":true,\"global_message\":\"This field is required\"}},\"names[middle_name]\":{\"required\":{\"value\":false,\"message\":\"This field is required\",\"global\":true,\"global_message\":\"This field is required\"}},\"names[last_name]\":{\"required\":{\"value\":true,\"message\":\"This field is required\",\"global\":true,\"global_message\":\"This field is required\"}},\"email\":{\"required\":{\"value\":true,\"message\":\"This field is required\",\"global\":true,\"global_message\":\"This field is required\"},\"email\":{\"value\":true,\"message\":\"This field must contain a valid email\",\"global\":true,\"global_message\":\"This field must contain a valid email\"}},\"subject\":{\"required\":{\"value\":false,\"message\":\"This field is required\",\"global\":true,\"global_message\":\"This field is required\"}},\"message\":{\"required\":{\"value\":true,\"message\":\"This field is required\",\"global\":true,\"global_message\":\"This field is required\"}}},\"debounce_time\":300};\n                            <\/script>\n            <\/div>\n\n\n\n<div class=\"wp-block-greenshift-blocks-row-column gspb_row__col--4 gspb_col-id-gsbp-9b39396\" id=\"gspb_col-id-gsbp-9b39396\">\n<div class=\"wp-block-greenshift-blocks-container gspb_container gspb_container-gsbp-3cc3f49\" id=\"gspb_container-id-gsbp-3cc3f49\">\n<div class=\"wp-block-greenshift-blocks-container gspb_container gspb_container-gsbp-ba718b2\" id=\"gspb_container-id-gsbp-ba718b2\">\n<div class=\"wp-block-greenshift-blocks-iconbox gspb_iconBox gspb_iconBox-id-gsbp-bc4ca00\" id=\"gspb_iconBox-id-gsbp-bc4ca00\"><div class=\"gspb_iconBox__wrapper\" style=\"display:inline-flex\"><img decoding=\"async\" src=\"https:\/\/sectoroffroad.com\/wp-content\/uploads\/2025\/04\/woman.png\"\/><\/div><\/div>\n<\/div>\n\n\n\n<div class=\"wp-block-greenshift-blocks-container gspb_container gspb_container-gsbp-45d686a\" id=\"gspb_container-id-gsbp-45d686a\">\n<h3 id=\"gspb_heading-id-gsbp-29cac0c\" class=\"gspb_heading gspb_heading-id-gsbp-29cac0c \">Marijana<\/h3><span class=\"gspb_heading_subtitle\" id=\"gspb_subheading-id-gsbp-29cac0c\"><a href=\"tel:381603738511\">+381 60 373 85 11<\/a>\n<\/span>\n<\/div>\n<\/div>\n\n\n\n<div class=\"wp-block-greenshift-blocks-container gspb_container gspb_container-gsbp-ad06b05\" id=\"gspb_container-id-gsbp-ad06b05\">\n<div class=\"wp-block-greenshift-blocks-container gspb_container gspb_container-gsbp-7108b66\" id=\"gspb_container-id-gsbp-7108b66\">\n<div class=\"wp-block-greenshift-blocks-iconbox gspb_iconBox gspb_iconBox-id-gsbp-ea28f49\" id=\"gspb_iconBox-id-gsbp-ea28f49\"><div class=\"gspb_iconBox__wrapper\" style=\"display:inline-flex\"><img decoding=\"async\" src=\"https:\/\/sectoroffroad.com\/wp-content\/uploads\/2025\/04\/boss.png\"\/><\/div><\/div>\n<\/div>\n\n\n\n<div class=\"wp-block-greenshift-blocks-container gspb_container gspb_container-gsbp-adc2023\" id=\"gspb_container-id-gsbp-adc2023\">\n<h3 id=\"gspb_heading-id-gsbp-ea9af70\" class=\"gspb_heading gspb_heading-id-gsbp-ea9af70 \">Dejan<\/h3><span class=\"gspb_heading_subtitle\" id=\"gspb_subheading-id-gsbp-ea9af70\"><a href=\"tel:381698408298\">+381 69 840 82 98<\/a><\/span>\n<\/div>\n<\/div>\n\n\n\n<div class=\"wp-block-greenshift-blocks-container gspb_container gspb_container-gsbp-dae62c0\" id=\"gspb_container-id-gsbp-dae62c0\">\n<div class=\"wp-block-greenshift-blocks-container gspb_container gspb_container-gsbp-b8e6de0\" id=\"gspb_container-id-gsbp-b8e6de0\">\n<div class=\"wp-block-greenshift-blocks-iconbox gspb_iconBox gspb_iconBox-id-gsbp-2cc295d\" id=\"gspb_iconBox-id-gsbp-2cc295d\"><div class=\"gspb_iconBox__wrapper\" style=\"display:inline-flex\"><img decoding=\"async\" src=\"https:\/\/sectoroffroad.com\/wp-content\/uploads\/2025\/04\/boss.png\"\/><\/div><\/div>\n<\/div>\n\n\n\n<div class=\"wp-block-greenshift-blocks-container gspb_container gspb_container-gsbp-2d0082f\" id=\"gspb_container-id-gsbp-2d0082f\">\n<h3 id=\"gspb_heading-id-gsbp-97cc8a9\" class=\"gspb_heading gspb_heading-id-gsbp-97cc8a9 \">Neboj\u0161a<\/h3><span class=\"gspb_heading_subtitle\" id=\"gspb_subheading-id-gsbp-97cc8a9\"><a href=\"tel:38163232488\">+381 63 232 488<\/a><\/span>\n<\/div>\n<\/div>\n\n\n\n<div class=\"wp-block-greenshift-blocks-container gspb_container gspb_container-gsbp-e2fb6e9\" id=\"gspb_container-id-gsbp-e2fb6e9\">\n<div class=\"wp-block-greenshift-blocks-container gspb_container gspb_container-gsbp-5734797\" id=\"gspb_container-id-gsbp-5734797\">\n<div class=\"wp-block-greenshift-blocks-iconbox gspb_iconBox gspb_iconBox-id-gsbp-5cc4c6f\" id=\"gspb_iconBox-id-gsbp-5cc4c6f\"><div class=\"gspb_iconBox__wrapper\" style=\"display:inline-flex\"><img decoding=\"async\" src=\"https:\/\/sectoroffroad.com\/wp-content\/uploads\/2025\/04\/boss.png\"\/><\/div><\/div>\n<\/div>\n\n\n\n<div class=\"wp-block-greenshift-blocks-container gspb_container gspb_container-gsbp-32900a7\" id=\"gspb_container-id-gsbp-32900a7\">\n<h3 id=\"gspb_heading-id-gsbp-d3b95c0\" class=\"gspb_heading gspb_heading-id-gsbp-d3b95c0 \">Du\u0161an<\/h3><span class=\"gspb_heading_subtitle\" id=\"gspb_subheading-id-gsbp-d3b95c0\"><a href=\"tel:381653665725\">+381 65 366 57 25<\/a><\/span>\n<\/div>\n<\/div>\n<\/div>\n <\/div><\/div>\n<\/div>\n <\/div><\/section>\n","protected":false},"excerpt":{"rendered":"","protected":false},"author":1,"featured_media":24,"parent":0,"menu_order":0,"comment_status":"closed","ping_status":"closed","template":"","meta":{"_gspb_post_css":"#gspb_row-id-gsbp-84ea64b,#gspb_row-id-gsbp-ca89904{justify-content:space-between;margin-top:0;margin-bottom:0;display:flex;flex-wrap:wrap}#gspb_row-id-gsbp-ca89904>.gspb_row__content{display:flex;justify-content:space-between;margin:0 auto;width:100%;flex-wrap:wrap}.gspb_row{position:relative}div[id^=gspb_col-id]{box-sizing:border-box;position:relative;padding:var(--gs-row-column-padding, 15px min(3vw, 20px))}#gspb_col-id-gsbp-ca7f28a.gspb_row__col--12{width:100%}@media (max-width:575.98px){#gspb_col-id-gsbp-ca7f28a.gspb_row__col--12{width:100%}}.gspb_row #gspb_col-id-gsbp-45f4c65.gspb_row__col--8,.gspb_row #gspb_col-id-gsbp-9b39396.gspb_row__col--4,.gspb_row #gspb_col-id-gsbp-ca7f28a.gspb_row__col--12{padding-right:0;padding-left:0}#gspb_row-id-gsbp-84ea64b>.gspb_row__content{display:flex;justify-content:space-between;margin:0 auto;width:100%;flex-wrap:wrap}body.gspb-bodyfront #gspb_row-id-gsbp-84ea64b>.gspb_row__content,body.gspb-bodyfront #gspb_row-id-gsbp-ca89904>.gspb_row__content{width:var(--theme-container-width, 1200px);max-width:var(--theme-normal-container-max-width, 1200px)}#gspb_col-id-gsbp-45f4c65.gspb_row__col--8{width:calc(66.66666666666667% - 10px)}@media (max-width:991.98px){#gspb_col-id-gsbp-45f4c65.gspb_row__col--8{width:calc(66.66666666666667% - 10px)}}@media (max-width:767.98px){#gspb_col-id-gsbp-45f4c65.gspb_row__col--8{width:calc(66.66666666666667% - 10px)}}@media (max-width:575.98px){#gspb_col-id-gsbp-45f4c65.gspb_row__col--8{width:100%}}.gspb_text-id-gsbp-f8f9c62{color:#000;padding-bottom:25px!important}#gspb_col-id-gsbp-9b39396.gspb_row__col--4{width:calc(33.333333333333336% - 10px)}@media (max-width:991.98px){#gspb_col-id-gsbp-9b39396.gspb_row__col--4{width:calc(33.333333333333336% - 10px)}}@media (max-width:767.98px){#gspb_col-id-gsbp-9b39396.gspb_row__col--4{width:calc(33.333333333333336% - 10px)}}@media (max-width:575.98px){#gspb_col-id-gsbp-9b39396.gspb_row__col--4{width:100%}}body #gspb_col-id-gsbp-9b39396.gspb_row__col--4{display:flex;flex-direction:column;row-gap:20px}.gspb_container-id-gsbp-2d0082f,.gspb_container-id-gsbp-32900a7,.gspb_container-id-gsbp-3cc3f49,.gspb_container-id-gsbp-45d686a,.gspb_container-id-gsbp-5734797,.gspb_container-id-gsbp-7108b66,.gspb_container-id-gsbp-ad06b05,.gspb_container-id-gsbp-adc2023,.gspb_container-id-gsbp-b8e6de0,.gspb_container-id-gsbp-ba718b2,.gspb_container-id-gsbp-dae62c0,.gspb_container-id-gsbp-e2fb6e9{flex-direction:column;box-sizing:border-box}#gspb_container-id-gsbp-2d0082f.gspb_container>p:last-of-type,#gspb_container-id-gsbp-32900a7.gspb_container>p:last-of-type,#gspb_container-id-gsbp-3cc3f49.gspb_container>p:last-of-type,#gspb_container-id-gsbp-45d686a.gspb_container>p:last-of-type,#gspb_container-id-gsbp-5734797.gspb_container>p:last-of-type,#gspb_container-id-gsbp-7108b66.gspb_container>p:last-of-type,#gspb_container-id-gsbp-ad06b05.gspb_container>p:last-of-type,#gspb_container-id-gsbp-adc2023.gspb_container>p:last-of-type,#gspb_container-id-gsbp-b8e6de0.gspb_container>p:last-of-type,#gspb_container-id-gsbp-ba718b2.gspb_container>p:last-of-type,#gspb_container-id-gsbp-dae62c0.gspb_container>p:last-of-type,#gspb_container-id-gsbp-e2fb6e9.gspb_container>p:last-of-type{margin-bottom:0}#gspb_container-id-gsbp-3cc3f49.gspb_container{position:relative;display:flex;flex-direction:row;align-items:center;column-gap:20px}#gspb_container-id-gsbp-ba718b2.gspb_container{position:relative}#gspb_iconBox-id-gsbp-2cc295d svg,#gspb_iconBox-id-gsbp-5cc4c6f svg,#gspb_iconBox-id-gsbp-bc4ca00 svg,#gspb_iconBox-id-gsbp-ea28f49 svg{width:72px}#gspb_iconBox-id-gsbp-2cc295d,#gspb_iconBox-id-gsbp-5cc4c6f,#gspb_iconBox-id-gsbp-bc4ca00,#gspb_iconBox-id-gsbp-ea28f49{justify-content:center;display:flex}#gspb_iconBox-id-gsbp-bc4ca00 .gspb_iconBox__wrapper:hover svg,#gspb_iconBox-id-gsbp-bc4ca00 .gspb_iconBox__wrapper:hover svg path,#gspb_iconBox-id-gsbp-bc4ca00 img,#gspb_iconBox-id-gsbp-bc4ca00 img path,#gspb_iconBox-id-gsbp-bc4ca00 img:hover,#gspb_iconBox-id-gsbp-bc4ca00 img:hover path{fill:var(--theme-link-initial-color, currentColor)!important}#gspb_iconBox-id-gsbp-bc4ca00 .gspb_iconBox__wrapper{background-color:#e2eefd;padding:20px;border-radius:50%}#gspb_container-id-gsbp-45d686a.gspb_container{position:relative;margin-bottom:0}#gspb_container-id-gsbp-ad06b05.gspb_container{position:relative;display:flex;flex-direction:row;align-items:center;column-gap:20px}#gspb_container-id-gsbp-7108b66.gspb_container{position:relative}#gspb_iconBox-id-gsbp-bc4ca00 img,#gspb_iconBox-id-gsbp-ea28f49 img{height:64px!important;width:64px!important;min-width:64px!important;margin:0!important}#gspb_iconBox-id-gsbp-ea28f49 .gspb_iconBox__wrapper:hover svg,#gspb_iconBox-id-gsbp-ea28f49 .gspb_iconBox__wrapper:hover svg path,#gspb_iconBox-id-gsbp-ea28f49 img,#gspb_iconBox-id-gsbp-ea28f49 img path,#gspb_iconBox-id-gsbp-ea28f49 img:hover,#gspb_iconBox-id-gsbp-ea28f49 img:hover path{fill:var(--theme-link-initial-color, currentColor)!important}#gspb_iconBox-id-gsbp-ea28f49 .gspb_iconBox__wrapper{background-color:#e2eefd;padding:20px;border-radius:50%}#gspb_container-id-gsbp-adc2023.gspb_container{position:relative;margin-bottom:0}#gspb_container-id-gsbp-dae62c0.gspb_container{position:relative;display:flex;flex-direction:row;align-items:center;column-gap:20px}#gspb_container-id-gsbp-b8e6de0.gspb_container{position:relative}#gspb_iconBox-id-gsbp-2cc295d .gspb_iconBox__wrapper:hover svg,#gspb_iconBox-id-gsbp-2cc295d .gspb_iconBox__wrapper:hover svg path,#gspb_iconBox-id-gsbp-2cc295d img,#gspb_iconBox-id-gsbp-2cc295d img path,#gspb_iconBox-id-gsbp-2cc295d img:hover,#gspb_iconBox-id-gsbp-2cc295d img:hover path{fill:var(--theme-link-initial-color, currentColor)!important}#gspb_iconBox-id-gsbp-2cc295d .gspb_iconBox__wrapper{background-color:#e2eefd;padding:20px;border-radius:50%}#gspb_container-id-gsbp-2d0082f.gspb_container{position:relative;margin-bottom:0}#gspb_container-id-gsbp-e2fb6e9.gspb_container{position:relative;display:flex;flex-direction:row;align-items:center;column-gap:20px}#gspb_container-id-gsbp-5734797.gspb_container{position:relative}#gspb_iconBox-id-gsbp-2cc295d img,#gspb_iconBox-id-gsbp-5cc4c6f img{height:64px!important;width:64px!important;min-width:64px!important;margin:0!important}#gspb_iconBox-id-gsbp-5cc4c6f .gspb_iconBox__wrapper:hover svg,#gspb_iconBox-id-gsbp-5cc4c6f .gspb_iconBox__wrapper:hover svg path,#gspb_iconBox-id-gsbp-5cc4c6f img,#gspb_iconBox-id-gsbp-5cc4c6f img path,#gspb_iconBox-id-gsbp-5cc4c6f img:hover,#gspb_iconBox-id-gsbp-5cc4c6f img:hover path{fill:var(--theme-link-initial-color, currentColor)!important}#gspb_iconBox-id-gsbp-5cc4c6f .gspb_iconBox__wrapper{background-color:#e2eefd;padding:20px;border-radius:50%}#gspb_container-id-gsbp-32900a7.gspb_container{position:relative;margin-bottom:0}#gspb_heading-id-gsbp-29cac0c{margin-top:0;margin-bottom:-1px;padding-bottom:0}#gspb_heading-id-gsbp-29cac0c .gspb_heading_subtitle,#gspb_subheading-id-gsbp-29cac0c{display:block;font-size:17px;line-height:22px;margin-top:5px;font-weight:custom!important}#gspb_subheading-id-gsbp-29cac0c .wp-block a,#gspb_subheading-id-gsbp-29cac0c a{color:#ff3c00}#gspb_heading-id-gsbp-29cac0c .gspb_heading_subtitle,#gspb_subheading-id-gsbp-29cac0c .wp-block a:hover,#gspb_subheading-id-gsbp-29cac0c a:hover{color:#cc3200}#gspb_heading-id-gsbp-ea9af70{margin-top:0;margin-bottom:-1px}#gspb_heading-id-gsbp-ea9af70 .gspb_heading_subtitle,#gspb_subheading-id-gsbp-ea9af70{display:block;font-size:17px;line-height:22px;margin-top:5px;font-weight:custom!important}#gspb_subheading-id-gsbp-ea9af70 .wp-block a,#gspb_subheading-id-gsbp-ea9af70 a{color:#ff3c00}#gspb_heading-id-gsbp-ea9af70 .gspb_heading_subtitle,#gspb_subheading-id-gsbp-ea9af70 .wp-block a:hover,#gspb_subheading-id-gsbp-ea9af70 a:hover{color:#cc3200}#gspb_heading-id-gsbp-97cc8a9{margin-top:0;margin-bottom:-1px}#gspb_heading-id-gsbp-97cc8a9 .gspb_heading_subtitle,#gspb_subheading-id-gsbp-97cc8a9{display:block;font-size:17px;line-height:22px;margin-top:5px;font-weight:custom!important}#gspb_subheading-id-gsbp-97cc8a9 .wp-block a,#gspb_subheading-id-gsbp-97cc8a9 a{color:#ff3c00}#gspb_heading-id-gsbp-97cc8a9 .gspb_heading_subtitle,#gspb_subheading-id-gsbp-97cc8a9 .wp-block a:hover,#gspb_subheading-id-gsbp-97cc8a9 a:hover{color:#cc3200}#gspb_heading-id-gsbp-d3b95c0{margin-top:0;margin-bottom:-1px}#gspb_heading-id-gsbp-d3b95c0 .gspb_heading_subtitle,#gspb_subheading-id-gsbp-d3b95c0{display:block;font-size:17px;line-height:22px;margin-top:5px;font-weight:custom!important}#gspb_subheading-id-gsbp-d3b95c0 .wp-block a,#gspb_subheading-id-gsbp-d3b95c0 a{color:#ff3c00}#gspb_heading-id-gsbp-d3b95c0 .gspb_heading_subtitle,#gspb_subheading-id-gsbp-d3b95c0 .wp-block a:hover,#gspb_subheading-id-gsbp-d3b95c0 a:hover{color:#cc3200}","footnotes":""},"class_list":["post-67","page","type-page","status-publish","has-post-thumbnail","hentry"],"blocksy_meta":{"has_hero_section":"default","styles_descriptor":{"styles":{"desktop":"","tablet":"","mobile":""},"google_fonts":[],"version":6},"hero_section":"type-2","hero_elements":[{"id":"custom_title","enabled":true,"heading_tag":"h1","title":"Home","__id":"x1p-psvcbtGlwt_sdltG8"},{"id":"custom_description","enabled":false,"description_visibility":{"desktop":true,"tablet":true,"mobile":false},"__id":"ARHqcP__aGSlHKe7uYS8I"},{"id":"custom_meta","enabled":false,"meta_elements":[{"id":"author","enabled":true,"label":"By","has_author_avatar":"yes","avatar_size":25},{"id":"post_date","enabled":true,"label":"On","date_format_source":"default","date_format":"M j, Y"},{"id":"updated_date","enabled":false,"label":"On","date_format_source":"default","date_format":"M j, Y"},{"id":"categories","enabled":false,"label":"In","style":"simple"},{"id":"comments","enabled":true}],"page_meta_elements":{"joined":true,"articles_count":true,"comments":true},"__id":"MERH3H-4jMhh4RcvmGpfV"},{"id":"breadcrumbs","enabled":true,"__id":"N4CES4c2ddPU5I9iBfQkM"}],"hero_height":"500px","pageTitleFont":{"family":"Anton","variation":"n4","size":"60px","line-height":"1.2em","letter-spacing":"CT_CSS_SKIP_RULE","text-transform":"CT_CSS_SKIP_RULE","text-decoration":"CT_CSS_SKIP_RULE"},"pageTitleFontColor":{"default":{"color":"var(--theme-palette-color-8)"}},"breadcrumbsFont":{"family":"Source Sans 3","variation":"n4","size":"CT_CSS_SKIP_RULE","line-height":"CT_CSS_SKIP_RULE","letter-spacing":"CT_CSS_SKIP_RULE","text-transform":"CT_CSS_SKIP_RULE","text-decoration":"CT_CSS_SKIP_RULE"},"breadcrumbsFontColor":{"default":{"color":"var(--theme-palette-color-8)"},"initial":{"color":"#ff3c00"},"hover":{"color":"CT_CSS_SKIP_RULEDEFAULT"}},"pageTitleOverlay":{"background_type":"color","background_pattern":"type-1","background_image":{"attachment_id":null,"x":0,"y":0},"gradient":"linear-gradient(135deg,rgba(6,147,227,1) 0%,rgb(155,81,224) 100%)","background_repeat":"repeat","background_size":"auto","background_attachment":"scroll","patternColor":{"default":{"color":"#e5e7ea"}},"overlayColor":{"default":{"color":"CT_CSS_SKIP_RULE"}},"backgroundColor":{"default":{"color":"rgba(3, 3, 3, 0.5)"}}},"parallax":{"desktop":true,"tablet":false,"mobile":false}},"_links":{"self":[{"href":"https:\/\/sectoroffroad.com\/en\/wp-json\/wp\/v2\/pages\/67","targetHints":{"allow":["GET"]}}],"collection":[{"href":"https:\/\/sectoroffroad.com\/en\/wp-json\/wp\/v2\/pages"}],"about":[{"href":"https:\/\/sectoroffroad.com\/en\/wp-json\/wp\/v2\/types\/page"}],"author":[{"embeddable":true,"href":"https:\/\/sectoroffroad.com\/en\/wp-json\/wp\/v2\/users\/1"}],"replies":[{"embeddable":true,"href":"https:\/\/sectoroffroad.com\/en\/wp-json\/wp\/v2\/comments?post=67"}],"version-history":[{"count":19,"href":"https:\/\/sectoroffroad.com\/en\/wp-json\/wp\/v2\/pages\/67\/revisions"}],"predecessor-version":[{"id":436,"href":"https:\/\/sectoroffroad.com\/en\/wp-json\/wp\/v2\/pages\/67\/revisions\/436"}],"wp:featuredmedia":[{"embeddable":true,"href":"https:\/\/sectoroffroad.com\/en\/wp-json\/wp\/v2\/media\/24"}],"wp:attachment":[{"href":"https:\/\/sectoroffroad.com\/en\/wp-json\/wp\/v2\/media?parent=67"}],"curies":[{"name":"wp","href":"https:\/\/api.w.org\/{rel}","templated":true}]}}